{"id":8038,"date":"2021-08-14T14:33:18","date_gmt":"2021-08-14T17:33:18","guid":{"rendered":"https:\/\/poletto.adv.br\/?page_id=8038"},"modified":"2022-02-10T13:49:29","modified_gmt":"2022-02-10T16:49:29","slug":"inversiones-extranjeras","status":"publish","type":"page","link":"https:\/\/poletto.adv.br\/es\/actuacion\/inversiones-extranjeras\/","title":{"rendered":"Inversiones Extranjeras"},"content":{"rendered":"<p>Nuestro equipo, como firma especializada, est\u00e1 integrado por profesionales que brindan apoyo multidisciplinario en diversas \u00e1reas, lo que nos permite promover soluciones legales adecuadas y estrat\u00e9gicas para la industria de fondos de inversi\u00f3n.<\/p>\n<p>La asistencia brindada incluye actuar en la constituci\u00f3n de la inversi\u00f3n, la definici\u00f3n de c\u00f3mo implementar las operaciones, las garant\u00edas legales necesarias, el adecuado mapeo de riesgos, el costo tributario y la posibilidad de retorno del capital invertido.<\/p>\n<p>El equipo especializado en acompa\u00f1amiento a la Inversi\u00f3n Extranjera, en coordinaci\u00f3n con las dem\u00e1s \u00e1reas de especializaci\u00f3n, brinda servicios como:<\/p>\n<ul>\n<li>Estructuraci\u00f3n de la Transacci\u00f3n impactos corporativos, contractuales y tributarios para el inversionista y presentaci\u00f3n de opciones;<\/li>\n<li>Constituci\u00f3n de Empresas en Brasil asistencia legal en la creaci\u00f3n de empresas y sucursales;<\/li>\n<li>Obtenci\u00f3n de visas permanentes y temporales.<\/li>\n<li>Representaci\u00f3n de Extranjeros representaci\u00f3n legal de inversionistas extranjeros en Brasil en negocios y sociedades;<\/li>\n<li>Registro de Inversi\u00f3n Extranjera consultor\u00eda con el Banco Central de Brasil para asegurar el ingreso y retorno de capital extranjero;<\/li>\n<\/ul>\n","protected":false},"excerpt":{"rendered":"<p>Nuestro equipo, como firma especializada, est\u00e1 integrado por profesionales que brindan apoyo multidisciplinario en diversas \u00e1reas, lo que nos permite promover soluciones legales adecuadas y estrat\u00e9gicas para la industria de fondos de inversi\u00f3n. La asistencia brindada incluye actuar en la constituci\u00f3n de la inversi\u00f3n, la definici\u00f3n de c\u00f3mo implementar las operaciones, las garant\u00edas legales necesarias, [&hellip;]<\/p>\n","protected":false},"author":4,"featured_media":0,"parent":8040,"menu_order":36,"comment_status":"closed","ping_status":"closed","template":"template-area.php","meta":{"_acf_changed":false,"footnotes":"","_links_to":"","_links_to_target":""},"coauthors":[1671],"class_list":["post-8038","page","type-page","status-publish","hentry"],"acf":[],"yoast_head":"<!-- This site is optimized with the Yoast SEO plugin v24.9 - https:\/\/yoast.com\/wordpress\/plugins\/seo\/ -->\n<title>Inversiones Extranjeras | Poletto &amp; Possamai<\/title>\n<meta name=\"robots\" content=\"index, follow, max-snippet:-1, max-image-preview:large, max-video-preview:-1\" \/>\n<link rel=\"canonical\" href=\"https:\/\/poletto.adv.br\/es\/actuacion\/inversiones-extranjeras\/\" \/>\n<meta property=\"og:locale\" content=\"es_ES\" \/>\n<meta property=\"og:type\" content=\"article\" \/>\n<meta property=\"og:title\" content=\"Inversiones Extranjeras | Poletto &amp; Possamai\" \/>\n<meta property=\"og:description\" content=\"Nuestro equipo, como firma especializada, est\u00e1 integrado por profesionales que brindan apoyo multidisciplinario en diversas \u00e1reas, lo que nos permite promover soluciones legales adecuadas y estrat\u00e9gicas para la industria de fondos de inversi\u00f3n. La asistencia brindada incluye actuar en la constituci\u00f3n de la inversi\u00f3n, la definici\u00f3n de c\u00f3mo implementar las operaciones, las garant\u00edas legales necesarias, [&hellip;]\" \/>\n<meta property=\"og:url\" content=\"https:\/\/poletto.adv.br\/es\/actuacion\/inversiones-extranjeras\/\" \/>\n<meta property=\"og:site_name\" content=\"Poletto &amp; Possamai\" \/>\n<meta property=\"article:publisher\" content=\"https:\/\/www.facebook.com\/polettoe.possamai\/\" \/>\n<meta property=\"article:modified_time\" content=\"2022-02-10T16:49:29+00:00\" \/>\n<meta name=\"twitter:card\" content=\"summary_large_image\" \/>\n<meta name=\"twitter:label1\" content=\"Tiempo de lectura\" \/>\n\t<meta name=\"twitter:data1\" content=\"1 minuto\" \/>\n\t<meta name=\"twitter:label2\" content=\"Written by\" \/>\n\t<meta name=\"twitter:data2\" content=\"Ag\u00eancia Javali\" \/>\n<script type=\"application\/ld+json\" class=\"yoast-schema-graph\">{\"@context\":\"https:\/\/schema.org\",\"@graph\":[{\"@type\":\"WebPage\",\"@id\":\"https:\/\/poletto.adv.br\/es\/actuacion\/inversiones-extranjeras\/\",\"url\":\"https:\/\/poletto.adv.br\/es\/actuacion\/inversiones-extranjeras\/\",\"name\":\"Inversiones Extranjeras | Poletto &amp; Possamai\",\"isPartOf\":{\"@id\":\"https:\/\/poletto.adv.br\/#website\"},\"datePublished\":\"2021-08-14T17:33:18+00:00\",\"dateModified\":\"2022-02-10T16:49:29+00:00\",\"breadcrumb\":{\"@id\":\"https:\/\/poletto.adv.br\/es\/actuacion\/inversiones-extranjeras\/#breadcrumb\"},\"inLanguage\":\"es\",\"potentialAction\":[{\"@type\":\"ReadAction\",\"target\":[\"https:\/\/poletto.adv.br\/es\/actuacion\/inversiones-extranjeras\/\"]}]},{\"@type\":\"BreadcrumbList\",\"@id\":\"https:\/\/poletto.adv.br\/es\/actuacion\/inversiones-extranjeras\/#breadcrumb\",\"itemListElement\":[{\"@type\":\"ListItem\",\"position\":1,\"name\":\"In\u00edcio\",\"item\":\"https:\/\/poletto.adv.br\/es\/\"},{\"@type\":\"ListItem\",\"position\":2,\"name\":\"Actuacion\",\"item\":\"https:\/\/poletto.adv.br\/es\/actuacion\/\"},{\"@type\":\"ListItem\",\"position\":3,\"name\":\"Inversiones Extranjeras\"}]},{\"@type\":\"WebSite\",\"@id\":\"https:\/\/poletto.adv.br\/#website\",\"url\":\"https:\/\/poletto.adv.br\/\",\"name\":\"Poletto &amp; Possamai\",\"description\":\"Sociedade de Advogados\",\"potentialAction\":[{\"@type\":\"SearchAction\",\"target\":{\"@type\":\"EntryPoint\",\"urlTemplate\":\"https:\/\/poletto.adv.br\/?s={search_term_string}\"},\"query-input\":{\"@type\":\"PropertyValueSpecification\",\"valueRequired\":true,\"valueName\":\"search_term_string\"}}],\"inLanguage\":\"es\"}]}<\/script>\n<!-- \/ Yoast SEO plugin. -->","yoast_head_json":{"title":"Inversiones Extranjeras | Poletto &amp; Possamai","robots":{"index":"index","follow":"follow","max-snippet":"max-snippet:-1","max-image-preview":"max-image-preview:large","max-video-preview":"max-video-preview:-1"},"canonical":"https:\/\/poletto.adv.br\/es\/actuacion\/inversiones-extranjeras\/","og_locale":"es_ES","og_type":"article","og_title":"Inversiones Extranjeras | Poletto &amp; Possamai","og_description":"Nuestro equipo, como firma especializada, est\u00e1 integrado por profesionales que brindan apoyo multidisciplinario en diversas \u00e1reas, lo que nos permite promover soluciones legales adecuadas y estrat\u00e9gicas para la industria de fondos de inversi\u00f3n. La asistencia brindada incluye actuar en la constituci\u00f3n de la inversi\u00f3n, la definici\u00f3n de c\u00f3mo implementar las operaciones, las garant\u00edas legales necesarias, [&hellip;]","og_url":"https:\/\/poletto.adv.br\/es\/actuacion\/inversiones-extranjeras\/","og_site_name":"Poletto &amp; Possamai","article_publisher":"https:\/\/www.facebook.com\/polettoe.possamai\/","article_modified_time":"2022-02-10T16:49:29+00:00","twitter_card":"summary_large_image","twitter_misc":{"Tiempo de lectura":"1 minuto","Written by":"Ag\u00eancia Javali"},"schema":{"@context":"https:\/\/schema.org","@graph":[{"@type":"WebPage","@id":"https:\/\/poletto.adv.br\/es\/actuacion\/inversiones-extranjeras\/","url":"https:\/\/poletto.adv.br\/es\/actuacion\/inversiones-extranjeras\/","name":"Inversiones Extranjeras | Poletto &amp; Possamai","isPartOf":{"@id":"https:\/\/poletto.adv.br\/#website"},"datePublished":"2021-08-14T17:33:18+00:00","dateModified":"2022-02-10T16:49:29+00:00","breadcrumb":{"@id":"https:\/\/poletto.adv.br\/es\/actuacion\/inversiones-extranjeras\/#breadcrumb"},"inLanguage":"es","potentialAction":[{"@type":"ReadAction","target":["https:\/\/poletto.adv.br\/es\/actuacion\/inversiones-extranjeras\/"]}]},{"@type":"BreadcrumbList","@id":"https:\/\/poletto.adv.br\/es\/actuacion\/inversiones-extranjeras\/#breadcrumb","itemListElement":[{"@type":"ListItem","position":1,"name":"In\u00edcio","item":"https:\/\/poletto.adv.br\/es\/"},{"@type":"ListItem","position":2,"name":"Actuacion","item":"https:\/\/poletto.adv.br\/es\/actuacion\/"},{"@type":"ListItem","position":3,"name":"Inversiones Extranjeras"}]},{"@type":"WebSite","@id":"https:\/\/poletto.adv.br\/#website","url":"https:\/\/poletto.adv.br\/","name":"Poletto &amp; Possamai","description":"Sociedade de Advogados","potentialAction":[{"@type":"SearchAction","target":{"@type":"EntryPoint","urlTemplate":"https:\/\/poletto.adv.br\/?s={search_term_string}"},"query-input":{"@type":"PropertyValueSpecification","valueRequired":true,"valueName":"search_term_string"}}],"inLanguage":"es"}]}},"_links":{"self":[{"href":"https:\/\/poletto.adv.br\/es\/wp-json\/wp\/v2\/pages\/8038","targetHints":{"allow":["GET"]}}],"collection":[{"href":"https:\/\/poletto.adv.br\/es\/wp-json\/wp\/v2\/pages"}],"about":[{"href":"https:\/\/poletto.adv.br\/es\/wp-json\/wp\/v2\/types\/page"}],"author":[{"embeddable":true,"href":"https:\/\/poletto.adv.br\/es\/wp-json\/wp\/v2\/users\/4"}],"replies":[{"embeddable":true,"href":"https:\/\/poletto.adv.br\/es\/wp-json\/wp\/v2\/comments?post=8038"}],"version-history":[{"count":8,"href":"https:\/\/poletto.adv.br\/es\/wp-json\/wp\/v2\/pages\/8038\/revisions"}],"predecessor-version":[{"id":9163,"href":"https:\/\/poletto.adv.br\/es\/wp-json\/wp\/v2\/pages\/8038\/revisions\/9163"}],"up":[{"embeddable":true,"href":"https:\/\/poletto.adv.br\/es\/wp-json\/wp\/v2\/pages\/8040"}],"wp:attachment":[{"href":"https:\/\/poletto.adv.br\/es\/wp-json\/wp\/v2\/media?parent=8038"}],"wp:term":[{"taxonomy":"author","embeddable":true,"href":"https:\/\/poletto.adv.br\/es\/wp-json\/wp\/v2\/coauthors?post=8038"}],"curies":[{"name":"wp","href":"https:\/\/api.w.org\/{rel}","templated":true}]}}