{"id":8032,"date":"2021-08-14T14:31:01","date_gmt":"2021-08-14T17:31:01","guid":{"rendered":"https:\/\/poletto.adv.br\/?page_id=8032"},"modified":"2022-02-10T13:49:00","modified_gmt":"2022-02-10T16:49:00","slug":"derecho-corporativo","status":"publish","type":"page","link":"https:\/\/poletto.adv.br\/es\/actuacion\/derecho-corporativo\/","title":{"rendered":"Derecho Corporativo"},"content":{"rendered":"<p>El \u00e1rea de Derecho Corporativo de Poletto &amp; Possamai Sociedad de Advocados brinda servicios de consultor\u00eda y asesor\u00eda legal especializada en las siguientes actividades:<\/p>\n<ul>\n<li>Asesoramiento en proyectos de adquisici\u00f3n de sociedades, fusiones, constituci\u00f3n y reorganizaci\u00f3n societaria, estructuraci\u00f3n completa de transacciones de compra y venta de participaciones patrimoniales y transferencia de activos;<\/li>\n<li>Elaboraci\u00f3n de contratos de alianzas, joint ventures y apoyo a grupos empresariales internacionales en la planificaci\u00f3n y ejecuci\u00f3n de inversiones en el pa\u00eds, con \u00e9nfasis en grandes grupos empresariales multinacionales y fondos de inversi\u00f3n de Private Equity;<\/li>\n<li>Asesoramiento a los gerentes en las actividades rutinarias de las empresas, tales como constituci\u00f3n, modificaci\u00f3n y reorganizaci\u00f3n, orientaci\u00f3n sobre conducta en juntas de accionistas, reuniones de juntas directivas y organizaci\u00f3n de libros y documentos corporativos;<\/li>\n<li>Representaci\u00f3n de clientes para orientar y defender los derechos de los accionistas y asesorar sobre el cumplimiento y evoluci\u00f3n de las normas y reglamentos que rigen la vida jur\u00eddica de las empresas;<\/li>\n<li>Constituci\u00f3n de sociedades de responsabilidad limitada (p\u00fablicas y privadas);<\/li>\n<li>Redacci\u00f3n y revisi\u00f3n de contratos;<\/li>\n<li>Representaci\u00f3n de los intereses de los accionistas en los espacios deliberativos de la Compa\u00f1\u00eda.<\/li>\n<\/ul>\n","protected":false},"excerpt":{"rendered":"<p>El \u00e1rea de Derecho Corporativo de Poletto &amp; Possamai Sociedad de Advocados brinda servicios de consultor\u00eda y asesor\u00eda legal especializada en las siguientes actividades: Asesoramiento en proyectos de adquisici\u00f3n de sociedades, fusiones, constituci\u00f3n y reorganizaci\u00f3n societaria, estructuraci\u00f3n completa de transacciones de compra y venta de participaciones patrimoniales y transferencia de activos; Elaboraci\u00f3n de contratos de [&hellip;]<\/p>\n","protected":false},"author":4,"featured_media":0,"parent":8040,"menu_order":34,"comment_status":"closed","ping_status":"closed","template":"template-area.php","meta":{"_acf_changed":false,"footnotes":"","_links_to":"","_links_to_target":""},"coauthors":[1671],"class_list":["post-8032","page","type-page","status-publish","hentry"],"acf":[],"yoast_head":"<!-- This site is optimized with the Yoast SEO plugin v24.9 - https:\/\/yoast.com\/wordpress\/plugins\/seo\/ -->\n<title>Derecho Corporativo | Poletto &amp; Possamai<\/title>\n<meta name=\"robots\" content=\"index, follow, max-snippet:-1, max-image-preview:large, max-video-preview:-1\" \/>\n<link rel=\"canonical\" href=\"https:\/\/poletto.adv.br\/es\/actuacion\/derecho-corporativo\/\" \/>\n<meta property=\"og:locale\" content=\"es_ES\" \/>\n<meta property=\"og:type\" content=\"article\" \/>\n<meta property=\"og:title\" content=\"Derecho Corporativo | Poletto &amp; Possamai\" \/>\n<meta property=\"og:description\" content=\"El \u00e1rea de Derecho Corporativo de Poletto &amp; Possamai Sociedad de Advocados brinda servicios de consultor\u00eda y asesor\u00eda legal especializada en las siguientes actividades: Asesoramiento en proyectos de adquisici\u00f3n de sociedades, fusiones, constituci\u00f3n y reorganizaci\u00f3n societaria, estructuraci\u00f3n completa de transacciones de compra y venta de participaciones patrimoniales y transferencia de activos; Elaboraci\u00f3n de contratos de [&hellip;]\" \/>\n<meta property=\"og:url\" content=\"https:\/\/poletto.adv.br\/es\/actuacion\/derecho-corporativo\/\" \/>\n<meta property=\"og:site_name\" content=\"Poletto &amp; Possamai\" \/>\n<meta property=\"article:publisher\" content=\"https:\/\/www.facebook.com\/polettoe.possamai\/\" \/>\n<meta property=\"article:modified_time\" content=\"2022-02-10T16:49:00+00:00\" \/>\n<meta name=\"twitter:card\" content=\"summary_large_image\" \/>\n<meta name=\"twitter:label1\" content=\"Tiempo de lectura\" \/>\n\t<meta name=\"twitter:data1\" content=\"1 minuto\" \/>\n\t<meta name=\"twitter:label2\" content=\"Written by\" \/>\n\t<meta name=\"twitter:data2\" content=\"Ag\u00eancia Javali\" \/>\n<script type=\"application\/ld+json\" class=\"yoast-schema-graph\">{\"@context\":\"https:\/\/schema.org\",\"@graph\":[{\"@type\":\"WebPage\",\"@id\":\"https:\/\/poletto.adv.br\/es\/actuacion\/derecho-corporativo\/\",\"url\":\"https:\/\/poletto.adv.br\/es\/actuacion\/derecho-corporativo\/\",\"name\":\"Derecho Corporativo | Poletto &amp; Possamai\",\"isPartOf\":{\"@id\":\"https:\/\/poletto.adv.br\/#website\"},\"datePublished\":\"2021-08-14T17:31:01+00:00\",\"dateModified\":\"2022-02-10T16:49:00+00:00\",\"breadcrumb\":{\"@id\":\"https:\/\/poletto.adv.br\/es\/actuacion\/derecho-corporativo\/#breadcrumb\"},\"inLanguage\":\"es\",\"potentialAction\":[{\"@type\":\"ReadAction\",\"target\":[\"https:\/\/poletto.adv.br\/es\/actuacion\/derecho-corporativo\/\"]}]},{\"@type\":\"BreadcrumbList\",\"@id\":\"https:\/\/poletto.adv.br\/es\/actuacion\/derecho-corporativo\/#breadcrumb\",\"itemListElement\":[{\"@type\":\"ListItem\",\"position\":1,\"name\":\"In\u00edcio\",\"item\":\"https:\/\/poletto.adv.br\/es\/\"},{\"@type\":\"ListItem\",\"position\":2,\"name\":\"Actuacion\",\"item\":\"https:\/\/poletto.adv.br\/es\/actuacion\/\"},{\"@type\":\"ListItem\",\"position\":3,\"name\":\"Derecho Corporativo\"}]},{\"@type\":\"WebSite\",\"@id\":\"https:\/\/poletto.adv.br\/#website\",\"url\":\"https:\/\/poletto.adv.br\/\",\"name\":\"Poletto &amp; Possamai\",\"description\":\"Sociedade de Advogados\",\"potentialAction\":[{\"@type\":\"SearchAction\",\"target\":{\"@type\":\"EntryPoint\",\"urlTemplate\":\"https:\/\/poletto.adv.br\/?s={search_term_string}\"},\"query-input\":{\"@type\":\"PropertyValueSpecification\",\"valueRequired\":true,\"valueName\":\"search_term_string\"}}],\"inLanguage\":\"es\"}]}<\/script>\n<!-- \/ Yoast SEO plugin. -->","yoast_head_json":{"title":"Derecho Corporativo | Poletto &amp; Possamai","robots":{"index":"index","follow":"follow","max-snippet":"max-snippet:-1","max-image-preview":"max-image-preview:large","max-video-preview":"max-video-preview:-1"},"canonical":"https:\/\/poletto.adv.br\/es\/actuacion\/derecho-corporativo\/","og_locale":"es_ES","og_type":"article","og_title":"Derecho Corporativo | Poletto &amp; Possamai","og_description":"El \u00e1rea de Derecho Corporativo de Poletto &amp; Possamai Sociedad de Advocados brinda servicios de consultor\u00eda y asesor\u00eda legal especializada en las siguientes actividades: Asesoramiento en proyectos de adquisici\u00f3n de sociedades, fusiones, constituci\u00f3n y reorganizaci\u00f3n societaria, estructuraci\u00f3n completa de transacciones de compra y venta de participaciones patrimoniales y transferencia de activos; Elaboraci\u00f3n de contratos de [&hellip;]","og_url":"https:\/\/poletto.adv.br\/es\/actuacion\/derecho-corporativo\/","og_site_name":"Poletto &amp; Possamai","article_publisher":"https:\/\/www.facebook.com\/polettoe.possamai\/","article_modified_time":"2022-02-10T16:49:00+00:00","twitter_card":"summary_large_image","twitter_misc":{"Tiempo de lectura":"1 minuto","Written by":"Ag\u00eancia Javali"},"schema":{"@context":"https:\/\/schema.org","@graph":[{"@type":"WebPage","@id":"https:\/\/poletto.adv.br\/es\/actuacion\/derecho-corporativo\/","url":"https:\/\/poletto.adv.br\/es\/actuacion\/derecho-corporativo\/","name":"Derecho Corporativo | Poletto &amp; Possamai","isPartOf":{"@id":"https:\/\/poletto.adv.br\/#website"},"datePublished":"2021-08-14T17:31:01+00:00","dateModified":"2022-02-10T16:49:00+00:00","breadcrumb":{"@id":"https:\/\/poletto.adv.br\/es\/actuacion\/derecho-corporativo\/#breadcrumb"},"inLanguage":"es","potentialAction":[{"@type":"ReadAction","target":["https:\/\/poletto.adv.br\/es\/actuacion\/derecho-corporativo\/"]}]},{"@type":"BreadcrumbList","@id":"https:\/\/poletto.adv.br\/es\/actuacion\/derecho-corporativo\/#breadcrumb","itemListElement":[{"@type":"ListItem","position":1,"name":"In\u00edcio","item":"https:\/\/poletto.adv.br\/es\/"},{"@type":"ListItem","position":2,"name":"Actuacion","item":"https:\/\/poletto.adv.br\/es\/actuacion\/"},{"@type":"ListItem","position":3,"name":"Derecho Corporativo"}]},{"@type":"WebSite","@id":"https:\/\/poletto.adv.br\/#website","url":"https:\/\/poletto.adv.br\/","name":"Poletto &amp; Possamai","description":"Sociedade de Advogados","potentialAction":[{"@type":"SearchAction","target":{"@type":"EntryPoint","urlTemplate":"https:\/\/poletto.adv.br\/?s={search_term_string}"},"query-input":{"@type":"PropertyValueSpecification","valueRequired":true,"valueName":"search_term_string"}}],"inLanguage":"es"}]}},"_links":{"self":[{"href":"https:\/\/poletto.adv.br\/es\/wp-json\/wp\/v2\/pages\/8032","targetHints":{"allow":["GET"]}}],"collection":[{"href":"https:\/\/poletto.adv.br\/es\/wp-json\/wp\/v2\/pages"}],"about":[{"href":"https:\/\/poletto.adv.br\/es\/wp-json\/wp\/v2\/types\/page"}],"author":[{"embeddable":true,"href":"https:\/\/poletto.adv.br\/es\/wp-json\/wp\/v2\/users\/4"}],"replies":[{"embeddable":true,"href":"https:\/\/poletto.adv.br\/es\/wp-json\/wp\/v2\/comments?post=8032"}],"version-history":[{"count":7,"href":"https:\/\/poletto.adv.br\/es\/wp-json\/wp\/v2\/pages\/8032\/revisions"}],"predecessor-version":[{"id":9162,"href":"https:\/\/poletto.adv.br\/es\/wp-json\/wp\/v2\/pages\/8032\/revisions\/9162"}],"up":[{"embeddable":true,"href":"https:\/\/poletto.adv.br\/es\/wp-json\/wp\/v2\/pages\/8040"}],"wp:attachment":[{"href":"https:\/\/poletto.adv.br\/es\/wp-json\/wp\/v2\/media?parent=8032"}],"wp:term":[{"taxonomy":"author","embeddable":true,"href":"https:\/\/poletto.adv.br\/es\/wp-json\/wp\/v2\/coauthors?post=8032"}],"curies":[{"name":"wp","href":"https:\/\/api.w.org\/{rel}","templated":true}]}}