{"id":8030,"date":"2021-08-14T14:30:36","date_gmt":"2021-08-14T17:30:36","guid":{"rendered":"https:\/\/poletto.adv.br\/?page_id=8030"},"modified":"2022-02-10T13:48:38","modified_gmt":"2022-02-10T16:48:38","slug":"derecho-civil-empresarial","status":"publish","type":"page","link":"https:\/\/poletto.adv.br\/es\/actuacion\/derecho-civil-empresarial\/","title":{"rendered":"Derecho Civil Empresarial"},"content":{"rendered":"<p>Poletto &amp; Possamai Sociedad de Advocados tiene experiencia en la resoluci\u00f3n de controversias en el \u00e1mbito consultivo y contencioso, con profesionales especializados y experimentados en la defensa de los intereses de empresas nacionales e internacionales, con amplia actuaci\u00f3n ante todos los juzgados y organismos p\u00fablicos del pa\u00eds, con socios en todo el territorio. territorio nacional. Con la implementaci\u00f3n de estrategias din\u00e1micas y la actuaci\u00f3n de equipos multidisciplinares en determinados casos, buscamos atender los intereses de nuestros clientes con la mayor celeridad posible, al tiempo que realizamos labores preventivas y t\u00e9cnicas de negociaci\u00f3n en la b\u00fasqueda de la autocomposici\u00f3n de controversias. Entre las actividades de la zona destacan las siguientes:<\/p>\n<ul>\n<li>Litigio civil que involucre responsabilidad civil contractual y extracontractual;<\/li>\n<li>Experiencia en todas las \u00e1reas del Derecho Civil con \u00e9nfasis en Seguros y Derecho Comercial, tales como disputas contractuales y societarias.<\/li>\n<li>Experiencia en litigio administrativo y judicial, con fuerte desempe\u00f1o en segundo grado en varios juzgados del pa\u00eds, a nivel federal y estatal;<\/li>\n<li>Experiencia en acuerdos judiciales;<\/li>\n<li>Asistencia en la preparaci\u00f3n, negociaci\u00f3n y revisi\u00f3n de contratos civiles, comerciales y otros (compraventa, consorcio, contrato de obra, contratos EPC, operaciones turnkey, contratos de seguros para todas las ramas y modalidades, suministro, distribuci\u00f3n y representaci\u00f3n comercial, transferencia de tecnolog\u00eda, asistencia t\u00e9cnica y licenciamiento de marcas y patentes);<\/li>\n<li>An\u00e1lisis de contratos y elaboraci\u00f3n de opiniones legales;<\/li>\n<li>Asesorar a empresas nacionales y extranjeras en el examen, revisi\u00f3n y negociaci\u00f3n de contratos internacionales;<\/li>\n<\/ul>\n","protected":false},"excerpt":{"rendered":"<p>Poletto &amp; Possamai Sociedad de Advocados tiene experiencia en la resoluci\u00f3n de controversias en el \u00e1mbito consultivo y contencioso, con profesionales especializados y experimentados en la defensa de los intereses de empresas nacionales e internacionales, con amplia actuaci\u00f3n ante todos los juzgados y organismos p\u00fablicos del pa\u00eds, con socios en todo el territorio. territorio nacional. [&hellip;]<\/p>\n","protected":false},"author":4,"featured_media":0,"parent":8040,"menu_order":30,"comment_status":"closed","ping_status":"closed","template":"template-area.php","meta":{"_acf_changed":false,"footnotes":"","_links_to":"","_links_to_target":""},"coauthors":[1671],"class_list":["post-8030","page","type-page","status-publish","hentry"],"acf":[],"yoast_head":"<!-- This site is optimized with the Yoast SEO plugin v24.9 - https:\/\/yoast.com\/wordpress\/plugins\/seo\/ -->\n<title>Derecho Civil Empresarial | Poletto &amp; Possamai<\/title>\n<meta name=\"robots\" content=\"index, follow, max-snippet:-1, max-image-preview:large, max-video-preview:-1\" \/>\n<link rel=\"canonical\" href=\"https:\/\/poletto.adv.br\/es\/actuacion\/derecho-civil-empresarial\/\" \/>\n<meta property=\"og:locale\" content=\"es_ES\" \/>\n<meta property=\"og:type\" content=\"article\" \/>\n<meta property=\"og:title\" content=\"Derecho Civil Empresarial | Poletto &amp; Possamai\" \/>\n<meta property=\"og:description\" content=\"Poletto &amp; Possamai Sociedad de Advocados tiene experiencia en la resoluci\u00f3n de controversias en el \u00e1mbito consultivo y contencioso, con profesionales especializados y experimentados en la defensa de los intereses de empresas nacionales e internacionales, con amplia actuaci\u00f3n ante todos los juzgados y organismos p\u00fablicos del pa\u00eds, con socios en todo el territorio. territorio nacional. [&hellip;]\" \/>\n<meta property=\"og:url\" content=\"https:\/\/poletto.adv.br\/es\/actuacion\/derecho-civil-empresarial\/\" \/>\n<meta property=\"og:site_name\" content=\"Poletto &amp; Possamai\" \/>\n<meta property=\"article:publisher\" content=\"https:\/\/www.facebook.com\/polettoe.possamai\/\" \/>\n<meta property=\"article:modified_time\" content=\"2022-02-10T16:48:38+00:00\" \/>\n<meta name=\"twitter:card\" content=\"summary_large_image\" \/>\n<meta name=\"twitter:label1\" content=\"Tiempo de lectura\" \/>\n\t<meta name=\"twitter:data1\" content=\"2 minutos\" \/>\n\t<meta name=\"twitter:label2\" content=\"Written by\" \/>\n\t<meta name=\"twitter:data2\" content=\"Ag\u00eancia Javali\" \/>\n<script type=\"application\/ld+json\" class=\"yoast-schema-graph\">{\"@context\":\"https:\/\/schema.org\",\"@graph\":[{\"@type\":\"WebPage\",\"@id\":\"https:\/\/poletto.adv.br\/es\/actuacion\/derecho-civil-empresarial\/\",\"url\":\"https:\/\/poletto.adv.br\/es\/actuacion\/derecho-civil-empresarial\/\",\"name\":\"Derecho Civil Empresarial | Poletto &amp; Possamai\",\"isPartOf\":{\"@id\":\"https:\/\/poletto.adv.br\/#website\"},\"datePublished\":\"2021-08-14T17:30:36+00:00\",\"dateModified\":\"2022-02-10T16:48:38+00:00\",\"breadcrumb\":{\"@id\":\"https:\/\/poletto.adv.br\/es\/actuacion\/derecho-civil-empresarial\/#breadcrumb\"},\"inLanguage\":\"es\",\"potentialAction\":[{\"@type\":\"ReadAction\",\"target\":[\"https:\/\/poletto.adv.br\/es\/actuacion\/derecho-civil-empresarial\/\"]}]},{\"@type\":\"BreadcrumbList\",\"@id\":\"https:\/\/poletto.adv.br\/es\/actuacion\/derecho-civil-empresarial\/#breadcrumb\",\"itemListElement\":[{\"@type\":\"ListItem\",\"position\":1,\"name\":\"In\u00edcio\",\"item\":\"https:\/\/poletto.adv.br\/es\/\"},{\"@type\":\"ListItem\",\"position\":2,\"name\":\"Actuacion\",\"item\":\"https:\/\/poletto.adv.br\/es\/actuacion\/\"},{\"@type\":\"ListItem\",\"position\":3,\"name\":\"Derecho Civil Empresarial\"}]},{\"@type\":\"WebSite\",\"@id\":\"https:\/\/poletto.adv.br\/#website\",\"url\":\"https:\/\/poletto.adv.br\/\",\"name\":\"Poletto &amp; Possamai\",\"description\":\"Sociedade de Advogados\",\"potentialAction\":[{\"@type\":\"SearchAction\",\"target\":{\"@type\":\"EntryPoint\",\"urlTemplate\":\"https:\/\/poletto.adv.br\/?s={search_term_string}\"},\"query-input\":{\"@type\":\"PropertyValueSpecification\",\"valueRequired\":true,\"valueName\":\"search_term_string\"}}],\"inLanguage\":\"es\"}]}<\/script>\n<!-- \/ Yoast SEO plugin. -->","yoast_head_json":{"title":"Derecho Civil Empresarial | Poletto &amp; Possamai","robots":{"index":"index","follow":"follow","max-snippet":"max-snippet:-1","max-image-preview":"max-image-preview:large","max-video-preview":"max-video-preview:-1"},"canonical":"https:\/\/poletto.adv.br\/es\/actuacion\/derecho-civil-empresarial\/","og_locale":"es_ES","og_type":"article","og_title":"Derecho Civil Empresarial | Poletto &amp; Possamai","og_description":"Poletto &amp; Possamai Sociedad de Advocados tiene experiencia en la resoluci\u00f3n de controversias en el \u00e1mbito consultivo y contencioso, con profesionales especializados y experimentados en la defensa de los intereses de empresas nacionales e internacionales, con amplia actuaci\u00f3n ante todos los juzgados y organismos p\u00fablicos del pa\u00eds, con socios en todo el territorio. territorio nacional. [&hellip;]","og_url":"https:\/\/poletto.adv.br\/es\/actuacion\/derecho-civil-empresarial\/","og_site_name":"Poletto &amp; Possamai","article_publisher":"https:\/\/www.facebook.com\/polettoe.possamai\/","article_modified_time":"2022-02-10T16:48:38+00:00","twitter_card":"summary_large_image","twitter_misc":{"Tiempo de lectura":"2 minutos","Written by":"Ag\u00eancia Javali"},"schema":{"@context":"https:\/\/schema.org","@graph":[{"@type":"WebPage","@id":"https:\/\/poletto.adv.br\/es\/actuacion\/derecho-civil-empresarial\/","url":"https:\/\/poletto.adv.br\/es\/actuacion\/derecho-civil-empresarial\/","name":"Derecho Civil Empresarial | Poletto &amp; Possamai","isPartOf":{"@id":"https:\/\/poletto.adv.br\/#website"},"datePublished":"2021-08-14T17:30:36+00:00","dateModified":"2022-02-10T16:48:38+00:00","breadcrumb":{"@id":"https:\/\/poletto.adv.br\/es\/actuacion\/derecho-civil-empresarial\/#breadcrumb"},"inLanguage":"es","potentialAction":[{"@type":"ReadAction","target":["https:\/\/poletto.adv.br\/es\/actuacion\/derecho-civil-empresarial\/"]}]},{"@type":"BreadcrumbList","@id":"https:\/\/poletto.adv.br\/es\/actuacion\/derecho-civil-empresarial\/#breadcrumb","itemListElement":[{"@type":"ListItem","position":1,"name":"In\u00edcio","item":"https:\/\/poletto.adv.br\/es\/"},{"@type":"ListItem","position":2,"name":"Actuacion","item":"https:\/\/poletto.adv.br\/es\/actuacion\/"},{"@type":"ListItem","position":3,"name":"Derecho Civil Empresarial"}]},{"@type":"WebSite","@id":"https:\/\/poletto.adv.br\/#website","url":"https:\/\/poletto.adv.br\/","name":"Poletto &amp; Possamai","description":"Sociedade de Advogados","potentialAction":[{"@type":"SearchAction","target":{"@type":"EntryPoint","urlTemplate":"https:\/\/poletto.adv.br\/?s={search_term_string}"},"query-input":{"@type":"PropertyValueSpecification","valueRequired":true,"valueName":"search_term_string"}}],"inLanguage":"es"}]}},"_links":{"self":[{"href":"https:\/\/poletto.adv.br\/es\/wp-json\/wp\/v2\/pages\/8030","targetHints":{"allow":["GET"]}}],"collection":[{"href":"https:\/\/poletto.adv.br\/es\/wp-json\/wp\/v2\/pages"}],"about":[{"href":"https:\/\/poletto.adv.br\/es\/wp-json\/wp\/v2\/types\/page"}],"author":[{"embeddable":true,"href":"https:\/\/poletto.adv.br\/es\/wp-json\/wp\/v2\/users\/4"}],"replies":[{"embeddable":true,"href":"https:\/\/poletto.adv.br\/es\/wp-json\/wp\/v2\/comments?post=8030"}],"version-history":[{"count":8,"href":"https:\/\/poletto.adv.br\/es\/wp-json\/wp\/v2\/pages\/8030\/revisions"}],"predecessor-version":[{"id":9161,"href":"https:\/\/poletto.adv.br\/es\/wp-json\/wp\/v2\/pages\/8030\/revisions\/9161"}],"up":[{"embeddable":true,"href":"https:\/\/poletto.adv.br\/es\/wp-json\/wp\/v2\/pages\/8040"}],"wp:attachment":[{"href":"https:\/\/poletto.adv.br\/es\/wp-json\/wp\/v2\/media?parent=8030"}],"wp:term":[{"taxonomy":"author","embeddable":true,"href":"https:\/\/poletto.adv.br\/es\/wp-json\/wp\/v2\/coauthors?post=8030"}],"curies":[{"name":"wp","href":"https:\/\/api.w.org\/{rel}","templated":true}]}}