{"id":8028,"date":"2021-08-14T14:30:04","date_gmt":"2021-08-14T17:30:04","guid":{"rendered":"https:\/\/poletto.adv.br\/?page_id=8028"},"modified":"2022-02-10T13:48:13","modified_gmt":"2022-02-10T16:48:13","slug":"derecho-administrativo-e-infraestructura","status":"publish","type":"page","link":"https:\/\/poletto.adv.br\/es\/actuacion\/derecho-administrativo-e-infraestructura\/","title":{"rendered":"Derecho Administrativo e Infraestructura"},"content":{"rendered":"<p>Poletto &amp; Possamai Sociedad de Advocados trabaja en la implementaci\u00f3n de proyectos de infraestructura en Brasil por parte de empresas nacionales y extranjeras de diversos sectores, como electricidad, siderurgia, miner\u00eda, transporte, puertos, aeropuertos, construcci\u00f3n naval, entre otros.<\/p>\n<p>Nuestros profesionales participan en el formateo y negociaci\u00f3n de diferentes estructuras de proyectos, incluyendo:<\/p>\n<ul>\n<li>BOTs (Build, Operate &amp; Transfer \/ Construir, Operar y Transferir);<\/li>\n<li>BOOs (Build, Own &amp; Operate \/ Construir, Poseer y Operar);<\/li>\n<li>AOTs (Acquire, Operate &amp; Transfer \/ Adquirir, Operar y Transferir);<\/li>\n<li>Arrendamientos (financieros y operativos);<\/li>\n<li>Implementaci\u00f3n de proyectos bajo el r\u00e9gimen de exploraci\u00f3n de servicio p\u00fablico a trav\u00e9s de concesiones, permisos y autorizaciones o PPPs;<\/li>\n<li>Elaboraci\u00f3n, an\u00e1lisis y negociaci\u00f3n de todos los contratos relacionados con proyectos, tales como: i) hojas de t\u00e9rminos; ii) Contratos EPC (Engineering, Procurement and Construction \/ Ingenier\u00eda, Adquisiciones y Construcci\u00f3n); iii) O&amp;M (Opera\u00e7\u00e3o e Manuten\u00e7\u00e3o \/ Operaci\u00f3n y Mantenimiento); iv) compraventa; v) financiamiento; vi) garant\u00edas y otros.<\/li>\n<\/ul>\n<p>Desde la estructuraci\u00f3n hasta la conclusi\u00f3n de las negociaciones, asesoramos a nuestros clientes a trav\u00e9s de grupos multidisciplinares en relaci\u00f3n a todos los aspectos del proyecto, ya sean normativos, fiscales, inmobiliarios, societarios, financieros o medioambientales.<\/p>\n","protected":false},"excerpt":{"rendered":"<p>Poletto &amp; Possamai Sociedad de Advocados trabaja en la implementaci\u00f3n de proyectos de infraestructura en Brasil por parte de empresas nacionales y extranjeras de diversos sectores, como electricidad, siderurgia, miner\u00eda, transporte, puertos, aeropuertos, construcci\u00f3n naval, entre otros. Nuestros profesionales participan en el formateo y negociaci\u00f3n de diferentes estructuras de proyectos, incluyendo: BOTs (Build, Operate &amp; [&hellip;]<\/p>\n","protected":false},"author":4,"featured_media":0,"parent":8040,"menu_order":18,"comment_status":"closed","ping_status":"closed","template":"template-area.php","meta":{"_acf_changed":false,"footnotes":"","_links_to":"","_links_to_target":""},"coauthors":[1671],"class_list":["post-8028","page","type-page","status-publish","hentry"],"acf":[],"yoast_head":"<!-- This site is optimized with the Yoast SEO plugin v24.9 - https:\/\/yoast.com\/wordpress\/plugins\/seo\/ -->\n<title>Derecho Administrativo e Infraestructura | Poletto &amp; Possamai<\/title>\n<meta name=\"robots\" content=\"index, follow, max-snippet:-1, max-image-preview:large, max-video-preview:-1\" \/>\n<link rel=\"canonical\" href=\"https:\/\/poletto.adv.br\/es\/actuacion\/derecho-administrativo-e-infraestructura\/\" \/>\n<meta property=\"og:locale\" content=\"es_ES\" \/>\n<meta property=\"og:type\" content=\"article\" \/>\n<meta property=\"og:title\" content=\"Derecho Administrativo e Infraestructura | Poletto &amp; Possamai\" \/>\n<meta property=\"og:description\" content=\"Poletto &amp; Possamai Sociedad de Advocados trabaja en la implementaci\u00f3n de proyectos de infraestructura en Brasil por parte de empresas nacionales y extranjeras de diversos sectores, como electricidad, siderurgia, miner\u00eda, transporte, puertos, aeropuertos, construcci\u00f3n naval, entre otros. Nuestros profesionales participan en el formateo y negociaci\u00f3n de diferentes estructuras de proyectos, incluyendo: BOTs (Build, Operate &amp; [&hellip;]\" \/>\n<meta property=\"og:url\" content=\"https:\/\/poletto.adv.br\/es\/actuacion\/derecho-administrativo-e-infraestructura\/\" \/>\n<meta property=\"og:site_name\" content=\"Poletto &amp; Possamai\" \/>\n<meta property=\"article:publisher\" content=\"https:\/\/www.facebook.com\/polettoe.possamai\/\" \/>\n<meta property=\"article:modified_time\" content=\"2022-02-10T16:48:13+00:00\" \/>\n<meta name=\"twitter:card\" content=\"summary_large_image\" \/>\n<meta name=\"twitter:label1\" content=\"Tiempo de lectura\" \/>\n\t<meta name=\"twitter:data1\" content=\"1 minuto\" \/>\n\t<meta name=\"twitter:label2\" content=\"Written by\" \/>\n\t<meta name=\"twitter:data2\" content=\"Ag\u00eancia Javali\" \/>\n<script type=\"application\/ld+json\" class=\"yoast-schema-graph\">{\"@context\":\"https:\/\/schema.org\",\"@graph\":[{\"@type\":\"WebPage\",\"@id\":\"https:\/\/poletto.adv.br\/es\/actuacion\/derecho-administrativo-e-infraestructura\/\",\"url\":\"https:\/\/poletto.adv.br\/es\/actuacion\/derecho-administrativo-e-infraestructura\/\",\"name\":\"Derecho Administrativo e Infraestructura | Poletto &amp; Possamai\",\"isPartOf\":{\"@id\":\"https:\/\/poletto.adv.br\/#website\"},\"datePublished\":\"2021-08-14T17:30:04+00:00\",\"dateModified\":\"2022-02-10T16:48:13+00:00\",\"breadcrumb\":{\"@id\":\"https:\/\/poletto.adv.br\/es\/actuacion\/derecho-administrativo-e-infraestructura\/#breadcrumb\"},\"inLanguage\":\"es\",\"potentialAction\":[{\"@type\":\"ReadAction\",\"target\":[\"https:\/\/poletto.adv.br\/es\/actuacion\/derecho-administrativo-e-infraestructura\/\"]}]},{\"@type\":\"BreadcrumbList\",\"@id\":\"https:\/\/poletto.adv.br\/es\/actuacion\/derecho-administrativo-e-infraestructura\/#breadcrumb\",\"itemListElement\":[{\"@type\":\"ListItem\",\"position\":1,\"name\":\"In\u00edcio\",\"item\":\"https:\/\/poletto.adv.br\/es\/\"},{\"@type\":\"ListItem\",\"position\":2,\"name\":\"Actuacion\",\"item\":\"https:\/\/poletto.adv.br\/es\/actuacion\/\"},{\"@type\":\"ListItem\",\"position\":3,\"name\":\"Derecho Administrativo e Infraestructura\"}]},{\"@type\":\"WebSite\",\"@id\":\"https:\/\/poletto.adv.br\/#website\",\"url\":\"https:\/\/poletto.adv.br\/\",\"name\":\"Poletto &amp; Possamai\",\"description\":\"Sociedade de Advogados\",\"potentialAction\":[{\"@type\":\"SearchAction\",\"target\":{\"@type\":\"EntryPoint\",\"urlTemplate\":\"https:\/\/poletto.adv.br\/?s={search_term_string}\"},\"query-input\":{\"@type\":\"PropertyValueSpecification\",\"valueRequired\":true,\"valueName\":\"search_term_string\"}}],\"inLanguage\":\"es\"}]}<\/script>\n<!-- \/ Yoast SEO plugin. -->","yoast_head_json":{"title":"Derecho Administrativo e Infraestructura | Poletto &amp; Possamai","robots":{"index":"index","follow":"follow","max-snippet":"max-snippet:-1","max-image-preview":"max-image-preview:large","max-video-preview":"max-video-preview:-1"},"canonical":"https:\/\/poletto.adv.br\/es\/actuacion\/derecho-administrativo-e-infraestructura\/","og_locale":"es_ES","og_type":"article","og_title":"Derecho Administrativo e Infraestructura | Poletto &amp; Possamai","og_description":"Poletto &amp; Possamai Sociedad de Advocados trabaja en la implementaci\u00f3n de proyectos de infraestructura en Brasil por parte de empresas nacionales y extranjeras de diversos sectores, como electricidad, siderurgia, miner\u00eda, transporte, puertos, aeropuertos, construcci\u00f3n naval, entre otros. Nuestros profesionales participan en el formateo y negociaci\u00f3n de diferentes estructuras de proyectos, incluyendo: BOTs (Build, Operate &amp; [&hellip;]","og_url":"https:\/\/poletto.adv.br\/es\/actuacion\/derecho-administrativo-e-infraestructura\/","og_site_name":"Poletto &amp; Possamai","article_publisher":"https:\/\/www.facebook.com\/polettoe.possamai\/","article_modified_time":"2022-02-10T16:48:13+00:00","twitter_card":"summary_large_image","twitter_misc":{"Tiempo de lectura":"1 minuto","Written by":"Ag\u00eancia Javali"},"schema":{"@context":"https:\/\/schema.org","@graph":[{"@type":"WebPage","@id":"https:\/\/poletto.adv.br\/es\/actuacion\/derecho-administrativo-e-infraestructura\/","url":"https:\/\/poletto.adv.br\/es\/actuacion\/derecho-administrativo-e-infraestructura\/","name":"Derecho Administrativo e Infraestructura | Poletto &amp; Possamai","isPartOf":{"@id":"https:\/\/poletto.adv.br\/#website"},"datePublished":"2021-08-14T17:30:04+00:00","dateModified":"2022-02-10T16:48:13+00:00","breadcrumb":{"@id":"https:\/\/poletto.adv.br\/es\/actuacion\/derecho-administrativo-e-infraestructura\/#breadcrumb"},"inLanguage":"es","potentialAction":[{"@type":"ReadAction","target":["https:\/\/poletto.adv.br\/es\/actuacion\/derecho-administrativo-e-infraestructura\/"]}]},{"@type":"BreadcrumbList","@id":"https:\/\/poletto.adv.br\/es\/actuacion\/derecho-administrativo-e-infraestructura\/#breadcrumb","itemListElement":[{"@type":"ListItem","position":1,"name":"In\u00edcio","item":"https:\/\/poletto.adv.br\/es\/"},{"@type":"ListItem","position":2,"name":"Actuacion","item":"https:\/\/poletto.adv.br\/es\/actuacion\/"},{"@type":"ListItem","position":3,"name":"Derecho Administrativo e Infraestructura"}]},{"@type":"WebSite","@id":"https:\/\/poletto.adv.br\/#website","url":"https:\/\/poletto.adv.br\/","name":"Poletto &amp; Possamai","description":"Sociedade de Advogados","potentialAction":[{"@type":"SearchAction","target":{"@type":"EntryPoint","urlTemplate":"https:\/\/poletto.adv.br\/?s={search_term_string}"},"query-input":{"@type":"PropertyValueSpecification","valueRequired":true,"valueName":"search_term_string"}}],"inLanguage":"es"}]}},"_links":{"self":[{"href":"https:\/\/poletto.adv.br\/es\/wp-json\/wp\/v2\/pages\/8028","targetHints":{"allow":["GET"]}}],"collection":[{"href":"https:\/\/poletto.adv.br\/es\/wp-json\/wp\/v2\/pages"}],"about":[{"href":"https:\/\/poletto.adv.br\/es\/wp-json\/wp\/v2\/types\/page"}],"author":[{"embeddable":true,"href":"https:\/\/poletto.adv.br\/es\/wp-json\/wp\/v2\/users\/4"}],"replies":[{"embeddable":true,"href":"https:\/\/poletto.adv.br\/es\/wp-json\/wp\/v2\/comments?post=8028"}],"version-history":[{"count":9,"href":"https:\/\/poletto.adv.br\/es\/wp-json\/wp\/v2\/pages\/8028\/revisions"}],"predecessor-version":[{"id":9160,"href":"https:\/\/poletto.adv.br\/es\/wp-json\/wp\/v2\/pages\/8028\/revisions\/9160"}],"up":[{"embeddable":true,"href":"https:\/\/poletto.adv.br\/es\/wp-json\/wp\/v2\/pages\/8040"}],"wp:attachment":[{"href":"https:\/\/poletto.adv.br\/es\/wp-json\/wp\/v2\/media?parent=8028"}],"wp:term":[{"taxonomy":"author","embeddable":true,"href":"https:\/\/poletto.adv.br\/es\/wp-json\/wp\/v2\/coauthors?post=8028"}],"curies":[{"name":"wp","href":"https:\/\/api.w.org\/{rel}","templated":true}]}}